{"id":62,"date":"2020-03-09T09:06:57","date_gmt":"2020-03-09T09:06:57","guid":{"rendered":"https:\/\/zsulanmajorat.pl\/?page_id=62"},"modified":"2023-11-29T15:31:45","modified_gmt":"2023-11-29T14:31:45","slug":"kadra","status":"publish","type":"page","link":"https:\/\/zsulanmajorat.pl\/index.php\/kadra\/","title":{"rendered":"Kadra"},"content":{"rendered":"<p><span style=\"font-size: 24px;\"><strong>Dyrektor szko\u0142y:<\/strong> Grzegorz Dziurdziak<\/span><br><span style=\"font-size: 24px;\"><strong>Wicedyrektor:<\/strong> Emilia Walentukiewicz<\/span><\/p>\r\n<p>&nbsp;<\/p>\r\n<p><!-- \/wp:paragraph --><br><!-- wp:paragraph --><\/p>\r\n<p><span style=\"font-size: 24px;\"><strong>Grono pedagogiczne:<\/strong><\/span><\/p>\r\n<table style=\"border-collapse: collapse; width: 96.121%; height: 1487px;\" border=\"1\">\r\n<tbody>\r\n<tr style=\"height: 25px;\">\r\n<td style=\"width: 7.81606%; height: 25px;\"><span style=\"font-size: 20px;\">1.<\/span><\/td>\r\n<td style=\"width: 35.5746%; height: 25px;\"><span style=\"font-size: 20px;\">Daria Bielecka<\/span><\/td>\r\n<td style=\"width: 53.6478%; height: 25px;\"><span style=\"font-size: 20px;\">nauczyciel logopeda<\/span><\/td>\r\n<\/tr>\r\n<tr style=\"height: 25px;\">\r\n<td style=\"width: 7.81606%; height: 25px;\"><span style=\"font-size: 20px;\">2.<\/span><\/td>\r\n<td style=\"width: 35.5746%; height: 25px;\"><span style=\"font-size: 20px;\">Anna Burdon<\/span><\/td>\r\n<td style=\"width: 53.6478%; height: 25px;\"><span style=\"font-size: 20px;\">nauczyciel matematyki i fizyki<\/span><\/td>\r\n<\/tr>\r\n<tr style=\"height: 25px;\">\r\n<td style=\"width: 7.81606%; height: 25px;\"><span style=\"font-size: 20px;\">3.<\/span><\/td>\r\n<td style=\"width: 35.5746%; height: 25px;\"><span style=\"font-size: 20px;\">Grzegorz Dziurdziak<\/span><\/td>\r\n<td style=\"width: 53.6478%; height: 25px;\"><span style=\"font-size: 20px;\">nauczyciel muzyki i informatyki<\/span><\/td>\r\n<\/tr>\r\n<tr style=\"height: 66px;\">\r\n<td style=\"width: 7.81606%; height: 66px;\"><span style=\"font-size: 20px;\">4.<\/span><\/td>\r\n<td style=\"width: 35.5746%; height: 66px;\"><span style=\"font-size: 20px;\">Magdalena Dziurdziak<\/span><\/td>\r\n<td style=\"width: 53.6478%; height: 66px;\"><span style=\"font-size: 20px;\">nauczyciel edukacji wczesnoszkolnej i muzyki<\/span><\/td>\r\n<\/tr>\r\n<tr style=\"height: 25px;\">\r\n<td style=\"width: 7.81606%; height: 25px;\"><span style=\"font-size: 20px;\">5.<\/span><\/td>\r\n<td style=\"width: 35.5746%; height: 25px;\"><span style=\"font-size: 20px;\">Agnieszka Fr\u0105czek<\/span><\/td>\r\n<td style=\"width: 53.6478%; height: 25px;\"><span style=\"font-size: 20px;\">nauczyciel religii<\/span><\/td>\r\n<\/tr>\r\n<tr style=\"height: 25px;\">\r\n<td style=\"width: 7.81606%; height: 25px;\"><span style=\"font-size: 20px;\">6.<\/span><\/td>\r\n<td style=\"width: 35.5746%; height: 25px;\"><span style=\"font-size: 20px;\">Halina Grocho\u0142a<\/span><\/td>\r\n<td style=\"width: 53.6478%; height: 25px;\"><span style=\"font-size: 20px;\">nauczyciel biblioteki,&nbsp; historii i wos-u<\/span><\/td>\r\n<\/tr>\r\n<tr style=\"height: 52px;\">\r\n<td style=\"width: 7.81606%; height: 52px;\"><span style=\"font-size: 20px;\">7.<\/span><\/td>\r\n<td style=\"width: 35.5746%; height: 52px;\"><span style=\"font-size: 20px;\">Wioletta Grochowska<\/span><\/td>\r\n<td style=\"width: 53.6478%; height: 52px;\"><span style=\"font-size: 20px;\">nauczyciel j\u0119zyka angielskiego i j\u0119zyka rosyjskiego<\/span><\/td>\r\n<\/tr>\r\n<tr style=\"height: 52px;\">\r\n<td style=\"width: 7.81606%; height: 52px;\">\r\n<p><span style=\"font-size: 20px;\">8<\/span><span style=\"font-size: 20px;\">.<\/span><\/p>\r\n<\/td>\r\n<td style=\"width: 35.5746%; height: 52px;\"><span style=\"font-size: 20px;\">Marzena Izdebska<\/span><\/td>\r\n<td style=\"width: 53.6478%; height: 52px;\"><span style=\"font-size: 20px;\">nauczyciel przyrody, biologii oraz edukacji przedszkolnej<\/span><\/td>\r\n<\/tr>\r\n<tr style=\"height: 25px;\">\r\n<td style=\"width: 7.81606%; height: 10px;\">\r\n<p><span style=\"font-size: 20px;\">9.<\/span><\/p>\r\n<\/td>\r\n<td style=\"width: 35.5746%; height: 10px;\"><span style=\"font-size: 20px;\">Bo\u017cena Jonasz<\/span><\/td>\r\n<td style=\"width: 53.6478%; height: 10px;\"><span style=\"font-size: 20px;\">nauczyciel edukacji wczesnoszkolnej<\/span><\/td>\r\n<\/tr>\r\n<tr style=\"height: 33px;\">\r\n<td style=\"width: 7.81606%; height: 33px;\"><span style=\"font-size: 20px;\">10.<\/span><\/td>\r\n<td style=\"width: 35.5746%; height: 33px;\"><span style=\"font-size: 20px;\">Joanna Kaca\u0142a<\/span><\/td>\r\n<td style=\"width: 53.6478%; height: 33px;\"><span style=\"font-size: 20px;\">nauczyciel biologii<\/span><\/td>\r\n<\/tr>\r\n<tr style=\"height: 25px;\">\r\n<td style=\"width: 7.81606%; height: 10px;\"><span style=\"font-size: 20px;\">11.<\/span><\/td>\r\n<td style=\"width: 35.5746%; height: 10px;\"><span style=\"font-size: 20px;\">Ma\u0142gorzata Karpi\u0144ska<\/span><\/td>\r\n<td style=\"width: 53.6478%; height: 10px;\"><span style=\"font-size: 20px;\">nauczyciel matematyki<\/span><\/td>\r\n<\/tr>\r\n<tr style=\"height: 25px;\">\r\n<td style=\"width: 7.81606%; height: 25px;\"><span style=\"font-size: 20px;\">12.<\/span><\/td>\r\n<td style=\"width: 35.5746%; height: 25px;\"><span style=\"font-size: 20px;\">Barbara Karwowska<\/span><\/td>\r\n<td style=\"width: 53.6478%; height: 25px;\"><span style=\"font-size: 20px;\">nauczyciel biblioteki, plastyki oraz techniki<\/span><\/td>\r\n<\/tr>\r\n<tr style=\"height: 25px;\">\r\n<td style=\"width: 7.81606%; height: 25px;\"><span style=\"font-size: 20px;\">13.<\/span><\/td>\r\n<td style=\"width: 35.5746%; height: 25px;\"><span style=\"font-size: 20px;\">Jolanta Ko\u017cuch<\/span><\/td>\r\n<td style=\"width: 53.6478%; height: 25px;\"><span style=\"font-size: 20px;\">nauczyciel edukacji wczesnoszkolnej<\/span><\/td>\r\n<\/tr>\r\n<tr style=\"height: 33px;\">\r\n<td style=\"width: 7.81606%; height: 33px;\"><span style=\"font-size: 20px;\">14.<\/span><\/td>\r\n<td style=\"width: 35.5746%; height: 33px;\"><span style=\"font-size: 20px;\">Katarzyna Ksi\u0105\u017cek<\/span><\/td>\r\n<td style=\"width: 53.6478%; height: 33px;\"><span style=\"font-size: 20px;\">nauczyciel<\/span><\/td>\r\n<\/tr>\r\n<tr style=\"height: 66px;\">\r\n<td style=\"width: 7.81606%; height: 66px;\"><span style=\"font-size: 20px;\">15.<\/span><\/td>\r\n<td style=\"width: 35.5746%; height: 66px;\"><span style=\"font-size: 20px;\">Marta Kulenty-Nurzy\u0144ska<\/span><\/td>\r\n<td style=\"width: 53.6478%; height: 66px;\"><span style=\"font-size: 20px;\">nauczyciel edukacji wczesnoszkolnej<\/span><\/td>\r\n<\/tr>\r\n<tr style=\"height: 25px;\">\r\n<td style=\"width: 7.81606%; height: 25px;\"><span style=\"font-size: 20px;\">16.<\/span><\/td>\r\n<td style=\"width: 35.5746%; height: 25px;\"><span style=\"font-size: 20px;\">Monika \u0141azuga<\/span><\/td>\r\n<td style=\"width: 53.6478%; height: 25px;\"><span style=\"font-size: 20px;\">nauczyciel historii i edukacji przedszkolnej<\/span><\/td>\r\n<\/tr>\r\n<tr style=\"height: 66px;\">\r\n<td style=\"width: 7.81606%; height: 66px;\"><span style=\"font-size: 20px;\">17.<\/span><\/td>\r\n<td style=\"width: 35.5746%; height: 66px;\"><span style=\"font-size: 20px;\">Katarzyna \u0141ukasiak<\/span><\/td>\r\n<td style=\"width: 53.6478%; height: 66px;\"><span style=\"font-size: 20px;\">nauczyciel edukacji przedszkolnej&nbsp;<\/span><\/td>\r\n<\/tr>\r\n<tr style=\"height: 25px;\">\r\n<td style=\"width: 7.81606%; height: 25px;\"><span style=\"font-size: 20px;\">18.<\/span><\/td>\r\n<td style=\"width: 35.5746%; height: 25px;\"><span style=\"font-size: 20px;\">Anna Maliszewska<\/span><\/td>\r\n<td style=\"width: 53.6478%; height: 25px;\"><span style=\"font-size: 20px;\">pedagog szkolny<\/span><\/td>\r\n<\/tr>\r\n<tr style=\"height: 25px;\">\r\n<td style=\"width: 7.81606%; height: 25px;\"><span style=\"font-size: 20px;\">19.<\/span><\/td>\r\n<td style=\"width: 35.5746%; height: 25px;\"><span style=\"font-size: 20px;\">Jaros\u0142aw Mazurek<\/span><\/td>\r\n<td style=\"width: 53.6478%; height: 25px;\"><span style=\"font-size: 20px;\">nauczyciel wychowania fizycznego<\/span><\/td>\r\n<\/tr>\r\n<tr style=\"height: 52px;\">\r\n<td style=\"width: 7.81606%; height: 52px;\"><span style=\"font-size: 20px;\">20.<\/span><\/td>\r\n<td style=\"width: 35.5746%; height: 52px;\"><span style=\"font-size: 20px;\">Monika Mu\u0107ka<\/span><\/td>\r\n<td style=\"width: 53.6478%; height: 52px;\"><span style=\"font-size: 20px;\">nauczyciel j\u0119zyka polskiego i edukacji wczesnoszkolnej<\/span><\/td>\r\n<\/tr>\r\n<tr style=\"height: 52px;\">\r\n<td style=\"width: 7.81606%; height: 52px;\"><span style=\"font-size: 20px;\">21.<\/span><\/td>\r\n<td style=\"width: 35.5746%; height: 52px;\"><span style=\"font-size: 20px;\">Magdalena Niebrzegowska<\/span><\/td>\r\n<td style=\"width: 53.6478%; height: 52px;\"><span style=\"font-size: 20px;\">nauczyciel edukacji wczesnoszkolnej<\/span><\/td>\r\n<\/tr>\r\n<tr style=\"height: 25px;\">\r\n<td style=\"width: 7.81606%; height: 25px;\"><span style=\"font-size: 20px;\">22.<\/span><\/td>\r\n<td style=\"width: 35.5746%; height: 25px;\"><span style=\"font-size: 20px;\">Renata Niew\u0119g\u0142owska<\/span><\/td>\r\n<td style=\"width: 53.6478%; height: 25px;\"><span style=\"font-size: 20px;\">nauczyciel wychowania fizycznego<\/span><\/td>\r\n<\/tr>\r\n<tr style=\"height: 25px;\">\r\n<td style=\"width: 7.81606%; height: 25px;\"><span style=\"font-size: 20px;\">23.<\/span><\/td>\r\n<td style=\"width: 35.5746%; height: 25px;\"><span style=\"font-size: 20px;\">Anna Nurzy\u0144ska<\/span><\/td>\r\n<td style=\"width: 53.6478%; height: 25px;\"><span style=\"font-size: 20px;\">nauczyciel edukacji wczesnoszkolnej<\/span><\/td>\r\n<\/tr>\r\n<tr style=\"height: 25px;\">\r\n<td style=\"width: 7.81606%; height: 25px;\"><span style=\"font-size: 20px;\">24.<\/span><\/td>\r\n<td style=\"width: 35.5746%; height: 25px;\"><span style=\"font-size: 20px;\">Joanna Opolska<\/span><\/td>\r\n<td style=\"width: 53.6478%; height: 25px;\"><span style=\"font-size: 20px;\">nauczyciel j\u0119zyka angielskiego<\/span><\/td>\r\n<\/tr>\r\n<tr style=\"height: 25px;\">\r\n<td style=\"width: 7.81606%; height: 25px;\"><span style=\"font-size: 20px;\">25.<\/span><\/td>\r\n<td style=\"width: 35.5746%; height: 25px;\"><span style=\"font-size: 20px;\">Bo\u017cena Osak<\/span><\/td>\r\n<td style=\"width: 53.6478%; height: 25px;\"><span style=\"font-size: 20px;\">nauczyciel wychowania przedszkolnego i edukacji wczesnoszkolnej<\/span><\/td>\r\n<\/tr>\r\n<tr style=\"height: 64px;\">\r\n<td style=\"width: 7.81606%; height: 64px;\"><span style=\"font-size: 20px;\">26.<\/span><\/td>\r\n<td style=\"width: 35.5746%; height: 64px;\"><span style=\"font-size: 20px;\">Beata Oworuszko<\/span><\/td>\r\n<td style=\"width: 53.6478%; height: 64px;\"><span style=\"font-size: 20px;\">nauczyciel j\u0119zyka polskiego i doradztwa zawodowego<\/span><\/td>\r\n<\/tr>\r\n<tr style=\"height: 33px;\">\r\n<td style=\"width: 7.81606%; height: 33px;\"><span style=\"font-size: 20px;\">27.<\/span><\/td>\r\n<td style=\"width: 35.5746%; height: 33px;\"><span style=\"font-size: 20px;\">ks. Micha\u0142 Pniewski<\/span><\/td>\r\n<td style=\"width: 53.6478%; height: 33px;\"><span style=\"font-size: 20px;\">nauczyciel religii<\/span><\/td>\r\n<\/tr>\r\n<tr style=\"height: 32px;\">\r\n<td style=\"width: 7.81606%; height: 32px;\"><span style=\"font-size: 20px;\">27.<\/span><\/td>\r\n<td style=\"width: 35.5746%; height: 32px;\"><span style=\"font-size: 20px;\">Agnieszka Rogozi\u0144ska<\/span><\/td>\r\n<td style=\"width: 53.6478%; height: 32px;\"><span style=\"font-size: 20px;\">nauczyciel edukacji wczesnoszkolnej<\/span><\/td>\r\n<\/tr>\r\n<tr style=\"height: 33px;\">\r\n<td style=\"width: 7.81606%; height: 33px;\"><span style=\"font-size: 20px;\">28.<\/span><\/td>\r\n<td style=\"width: 35.5746%; height: 33px;\"><span style=\"font-size: 20px;\">Justyna Skowronek<\/span><\/td>\r\n<td style=\"width: 53.6478%; height: 33px;\"><span style=\"font-size: 20px;\">nauczyciel<\/span><\/td>\r\n<\/tr>\r\n<tr style=\"height: 33px;\">\r\n<td style=\"width: 7.81606%; height: 33px;\"><span style=\"font-size: 20px;\">29.<\/span><\/td>\r\n<td style=\"width: 35.5746%; height: 33px;\"><span style=\"font-size: 20px;\">Tomasz Skwara<\/span><\/td>\r\n<td style=\"width: 53.6478%; height: 33px;\"><span style=\"font-size: 20px;\">nauczyciel informatyki<\/span><\/td>\r\n<\/tr>\r\n<tr style=\"height: 32px;\">\r\n<td style=\"width: 7.81606%; height: 32px;\"><span style=\"font-size: 20px;\">30.<\/span><\/td>\r\n<td style=\"width: 35.5746%; height: 32px;\"><span style=\"font-size: 20px;\">Katarzyna Skwarek<\/span><\/td>\r\n<td style=\"width: 53.6478%; height: 32px;\"><span style=\"font-size: 20px;\">nauczyciel j\u0119zyka angielskiego<\/span><\/td>\r\n<\/tr>\r\n<tr>\r\n<td style=\"width: 7.81606%;\"><span style=\"font-size: 20px;\">31.<\/span><\/td>\r\n<td style=\"width: 35.5746%;\"><span style=\"font-size: 20px;\">Jolanta Strychalska<\/span><\/td>\r\n<td style=\"width: 53.6478%;\"><span style=\"font-size: 20px;\">nauczyciel edukacji wczesnoszkolnej&nbsp;<\/span><\/td>\r\n<\/tr>\r\n<tr style=\"height: 32px;\">\r\n<td style=\"width: 7.81606%; height: 32px;\"><span style=\"font-size: 20px;\">32.<\/span><\/td>\r\n<td style=\"width: 35.5746%; height: 32px;\"><span style=\"font-size: 20px;\">Anna Szczerba<\/span><\/td>\r\n<td style=\"width: 53.6478%; height: 32px;\"><span style=\"font-size: 20px;\">nauczyciel j\u0119zyka polskiego<\/span><\/td>\r\n<\/tr>\r\n<tr style=\"height: 32px;\">\r\n<td style=\"width: 7.81606%; height: 32px;\"><span style=\"font-size: 20px;\">33.<\/span><\/td>\r\n<td style=\"width: 35.5746%; height: 32px;\"><span style=\"font-size: 20px;\">Micha\u0142 Szczuchniak<\/span><\/td>\r\n<td style=\"width: 53.6478%; height: 32px;\"><span style=\"font-size: 20px;\">nauczyciel informatyki i geografii<\/span><\/td>\r\n<\/tr>\r\n<tr>\r\n<td style=\"width: 7.81606%;\"><span style=\"font-size: 20px;\">34.<\/span><\/td>\r\n<td style=\"width: 35.5746%;\"><span style=\"font-size: 20px;\">Natalia Wadowska<\/span><\/td>\r\n<td style=\"width: 53.6478%;\"><span style=\"font-size: 20px;\">nauczyciel wychowania przedszkolnego<\/span><\/td>\r\n<\/tr>\r\n<tr style=\"height: 64px;\">\r\n<td style=\"width: 7.81606%; height: 64px;\"><span style=\"font-size: 20px;\">35.<\/span><\/td>\r\n<td style=\"width: 35.5746%; height: 64px;\"><span style=\"font-size: 20px;\">Emilia Walentukiewicz<\/span><\/td>\r\n<td style=\"width: 53.6478%; height: 64px;\"><span style=\"font-size: 20px;\">nauczyciel matematyki, fizyki i chemii<\/span><\/td>\r\n<\/tr>\r\n<tr style=\"height: 64px;\">\r\n<td style=\"width: 7.81606%; height: 64px;\"><span style=\"font-size: 20px;\">36.<\/span><\/td>\r\n<td style=\"width: 35.5746%; height: 64px;\"><span style=\"font-size: 20px;\">Emilia Wo\u017aniak-Majczyna<\/span><\/td>\r\n<td style=\"width: 53.6478%; height: 64px;\"><span style=\"font-size: 20px;\">nauczyciel j\u0119zyka angielskiego i niemieckiego<\/span><\/td>\r\n<\/tr>\r\n<tr style=\"height: 33px;\">\r\n<td style=\"width: 7.81606%; height: 33px;\"><span style=\"font-size: 20px;\">37.<\/span><\/td>\r\n<td style=\"width: 35.5746%; height: 33px;\"><span style=\"font-size: 20px;\">Klaudia Zaj\u0105c<\/span><\/td>\r\n<td style=\"width: 53.6478%; height: 33px;\"><span style=\"font-size: 20px;\">psycholog szkolny<\/span><\/td>\r\n<\/tr>\r\n<tr style=\"height: 32px;\">\r\n<td style=\"width: 7.81606%; height: 32px;\"><span style=\"font-size: 20px;\">38.<\/span><\/td>\r\n<td style=\"width: 35.5746%; height: 32px;\"><span style=\"font-size: 20px;\">Ewa Zaniewicz<\/span><\/td>\r\n<td style=\"width: 53.6478%; height: 32px;\"><span style=\"font-size: 20px;\">nauczyciel j\u0119zyka polskiego<\/span><\/td>\r\n<\/tr>\r\n<tr style=\"height: 64px;\">\r\n<td style=\"width: 7.81606%; height: 64px;\"><span style=\"font-size: 20px;\">39.<\/span><\/td>\r\n<td style=\"width: 35.5746%; height: 64px;\"><span style=\"font-size: 20px;\">Gabriela Zienkiewicz<\/span><\/td>\r\n<td style=\"width: 53.6478%; height: 64px;\"><span style=\"font-size: 20px;\">nauczyciel wychowania przedszkolnego<\/span><\/td>\r\n<\/tr>\r\n<tr style=\"height: 64px;\">\r\n<td style=\"width: 7.81606%; height: 64px;\"><span style=\"font-size: 20px;\">40.<\/span><\/td>\r\n<td style=\"width: 35.5746%; height: 64px;\"><span style=\"font-size: 20px;\">Wies\u0142aw Zienkiewicz<\/span><\/td>\r\n<td style=\"width: 53.6478%; height: 64px;\"><span style=\"font-size: 20px;\">nauczyciel wychowania fizycznego<\/span><\/td>\r\n<\/tr>\r\n<\/tbody>\r\n<\/table>\r\n<p><!-- \/wp:paragraph --><br><!-- wp:list {\"ordered\":true} --><\/p>\r\n<p>&nbsp;<\/p>","protected":false},"excerpt":{"rendered":"<p>Dyrektor szko\u0142y: Grzegorz DziurdziakWicedyrektor: Emilia Walentukiewicz &nbsp; Grono pedagogiczne: 1. Daria Bielecka nauczyciel logopeda 2. Anna Burdon nauczyciel matematyki i fizyki 3. Grzegorz Dziurdziak nauczyciel muzyki i informatyki 4. Magdalena Dziurdziak nauczyciel edukacji wczesnoszkolnej i muzyki 5. Agnieszka Fr\u0105czek nauczyciel religii 6. Halina Grocho\u0142a nauczyciel biblioteki,&nbsp; historii i wos-u 7. Wioletta Grochowska nauczyciel j\u0119zyka angielskiego [&hellip;]<\/p>\n","protected":false},"author":1,"featured_media":0,"parent":0,"menu_order":0,"comment_status":"closed","ping_status":"closed","template":"","meta":{"ngg_post_thumbnail":0,"footnotes":""},"class_list":["post-62","page","type-page","status-publish","hentry"],"_links":{"self":[{"href":"https:\/\/zsulanmajorat.pl\/index.php\/wp-json\/wp\/v2\/pages\/62"}],"collection":[{"href":"https:\/\/zsulanmajorat.pl\/index.php\/wp-json\/wp\/v2\/pages"}],"about":[{"href":"https:\/\/zsulanmajorat.pl\/index.php\/wp-json\/wp\/v2\/types\/page"}],"author":[{"embeddable":true,"href":"https:\/\/zsulanmajorat.pl\/index.php\/wp-json\/wp\/v2\/users\/1"}],"replies":[{"embeddable":true,"href":"https:\/\/zsulanmajorat.pl\/index.php\/wp-json\/wp\/v2\/comments?post=62"}],"version-history":[{"count":20,"href":"https:\/\/zsulanmajorat.pl\/index.php\/wp-json\/wp\/v2\/pages\/62\/revisions"}],"predecessor-version":[{"id":23901,"href":"https:\/\/zsulanmajorat.pl\/index.php\/wp-json\/wp\/v2\/pages\/62\/revisions\/23901"}],"wp:attachment":[{"href":"https:\/\/zsulanmajorat.pl\/index.php\/wp-json\/wp\/v2\/media?parent=62"}],"curies":[{"name":"wp","href":"https:\/\/api.w.org\/{rel}","templated":true}]}}